{"id":6,"date":"2024-09-23T09:47:51","date_gmt":"2024-09-23T09:47:51","guid":{"rendered":"http:\/\/www.securi-vie.fr\/?page_id=1"},"modified":"2024-11-04T14:21:26","modified_gmt":"2024-11-04T13:21:26","slug":"a-propos","status":"publish","type":"page","link":"https:\/\/www.securi-vie.fr\/?page_id=6","title":{"rendered":"\u00c0 propos"},"content":{"rendered":"\n<div class=\"wp-block-buttons is-layout-flex wp-block-buttons-is-layout-flex\">\n<div class=\"wp-block-button\"><a class=\"wp-block-button__link wp-element-button\" href=\"https:\/\/www.securi-vie.fr\/?p=227\">English<\/a><\/div>\n<\/div>\n\n\n\n<p>Nous sommes l&rsquo;association Securi-vie  associ\u00e9e au campus La Providence \u00e0 Blois (Loir et Cher).<\/p>\n\n\n\n<p>Le projet Securi-vie \u00e0 \u00e9t\u00e9 cr\u00e9\u00e9 \u00e0 l&rsquo;origine par Pascal LEMAUR \u00e0 Figeac ( Lot) en 1999 puis par David ROUILLE \u00e0 Blois ( Loir et Cher).<\/p>\n\n\n\n<p>L&rsquo;objectif initial est mettre en valeur le travail des jeunes et de cr\u00e9er des inventions pour sauver au moins une vie.<\/p>\n\n\n\n<p>Les membres de l&rsquo;association : <\/p>\n\n\n\n<p>David ROUILLE : Pr\u00e9sident<\/p>\n\n\n\n<p>S\u00e9bastien SAUVANNET : tr\u00e9sorier<\/p>\n\n\n\n<p>Martine BLATEAU : Secr\u00e9taire<\/p>\n\n\n\n<p>Pascal LEMAUR : Pr\u00e9sident d&rsquo;honneur<\/p>\n\n\n\n<p><\/p>\n","protected":false},"excerpt":{"rendered":"<p>Nous sommes l&rsquo;association Securi-vie associ\u00e9e au campus La Providence \u00e0 Blois (Loir et Cher). Le projet Securi-vie \u00e0 \u00e9t\u00e9 cr\u00e9\u00e9 \u00e0 l&rsquo;origine par Pascal LEMAUR \u00e0 Figeac ( Lot) en 1999 puis par David ROUILLE \u00e0 Blois ( Loir et Cher). L&rsquo;objectif initial est mettre en valeur le travail des jeunes et de cr\u00e9er des [&hellip;]<\/p>\n","protected":false},"author":2,"featured_media":0,"parent":0,"menu_order":0,"comment_status":"closed","ping_status":"open","template":"","meta":{"footnotes":""},"class_list":["post-6","page","type-page","status-publish","hentry"],"_links":{"self":[{"href":"https:\/\/www.securi-vie.fr\/index.php?rest_route=\/wp\/v2\/pages\/6","targetHints":{"allow":["GET"]}}],"collection":[{"href":"https:\/\/www.securi-vie.fr\/index.php?rest_route=\/wp\/v2\/pages"}],"about":[{"href":"https:\/\/www.securi-vie.fr\/index.php?rest_route=\/wp\/v2\/types\/page"}],"author":[{"embeddable":true,"href":"https:\/\/www.securi-vie.fr\/index.php?rest_route=\/wp\/v2\/users\/2"}],"replies":[{"embeddable":true,"href":"https:\/\/www.securi-vie.fr\/index.php?rest_route=%2Fwp%2Fv2%2Fcomments&post=6"}],"version-history":[{"count":1,"href":"https:\/\/www.securi-vie.fr\/index.php?rest_route=\/wp\/v2\/pages\/6\/revisions"}],"predecessor-version":[{"id":267,"href":"https:\/\/www.securi-vie.fr\/index.php?rest_route=\/wp\/v2\/pages\/6\/revisions\/267"}],"wp:attachment":[{"href":"https:\/\/www.securi-vie.fr\/index.php?rest_route=%2Fwp%2Fv2%2Fmedia&parent=6"}],"curies":[{"name":"wp","href":"https:\/\/api.w.org\/{rel}","templated":true}]}}